{"id":1372,"date":"2014-11-17T05:49:05","date_gmt":"2014-11-17T05:49:05","guid":{"rendered":"http:\/\/themes.themegoods.com\/vega\/demo\/?page_id=1372"},"modified":"2025-03-08T09:59:10","modified_gmt":"2025-03-08T08:59:10","slug":"contact-fullscreen","status":"publish","type":"page","link":"http:\/\/roubinet.com\/index.php\/contact-fullscreen\/","title":{"rendered":"Me contacter"},"content":{"rendered":"<p>Vous avez un projet photographique \u00e0 \u00e9tudier? Alors n&rsquo;h\u00e9sitez pas \u00e0 me contacter.<\/p>\n<p>Jean-Beno\u00eet ROUBINET<br \/>\n+33(0)6 24 15 54 20<br \/>\nMurviel-l\u00e8s-B\u00e9ziers, Occitanie, France<\/p>\n<p>&nbsp;<\/p>\n","protected":false},"excerpt":{"rendered":"<p>Vous avez un projet photographique \u00e0 \u00e9tudier? Alors n&rsquo;h\u00e9sitez pas \u00e0 me contacter. Jean-Beno\u00eet ROUBINET +33(0)6 24 15 54 20 Murviel-l\u00e8s-B\u00e9ziers, Occitanie, France &nbsp;<\/p>\n","protected":false},"author":1,"featured_media":0,"parent":0,"menu_order":0,"comment_status":"open","ping_status":"open","template":"contact.php","meta":{"footnotes":""},"class_list":["post-1372","page","type-page","status-publish","hentry"],"_links":{"self":[{"href":"http:\/\/roubinet.com\/index.php\/wp-json\/wp\/v2\/pages\/1372","targetHints":{"allow":["GET"]}}],"collection":[{"href":"http:\/\/roubinet.com\/index.php\/wp-json\/wp\/v2\/pages"}],"about":[{"href":"http:\/\/roubinet.com\/index.php\/wp-json\/wp\/v2\/types\/page"}],"author":[{"embeddable":true,"href":"http:\/\/roubinet.com\/index.php\/wp-json\/wp\/v2\/users\/1"}],"replies":[{"embeddable":true,"href":"http:\/\/roubinet.com\/index.php\/wp-json\/wp\/v2\/comments?post=1372"}],"version-history":[{"count":7,"href":"http:\/\/roubinet.com\/index.php\/wp-json\/wp\/v2\/pages\/1372\/revisions"}],"predecessor-version":[{"id":3861,"href":"http:\/\/roubinet.com\/index.php\/wp-json\/wp\/v2\/pages\/1372\/revisions\/3861"}],"wp:attachment":[{"href":"http:\/\/roubinet.com\/index.php\/wp-json\/wp\/v2\/media?parent=1372"}],"curies":[{"name":"wp","href":"https:\/\/api.w.org\/{rel}","templated":true}]}}