{"id":3731,"date":"2025-03-04T16:42:47","date_gmt":"2025-03-04T15:42:47","guid":{"rendered":"https:\/\/roubinet.com\/newsite\/?page_id=3731"},"modified":"2025-03-08T09:50:04","modified_gmt":"2025-03-08T08:50:04","slug":"a-propos","status":"publish","type":"page","link":"https:\/\/roubinet.com\/index.php\/a-propos\/","title":{"rendered":"A propos"},"content":{"rendered":"<div class=\"one\" >\n<div class=\"page_content_wrapper\">\n<div class=\"inner\">\n<h2 class=\"ppb_title\">Photographier &quot;vrai&quot;<\/h2>\n<\/div>\n<\/div>\n<\/div>\n<div class=\"one\" >\n<div class=\"page_content_wrapper\">\n<div class=\"inner\">\n<div class=\"image_classic_frame expand animate\">\n<div class=\"image_wrapper\"><a href=\"https:\/\/roubinet.com\/wp-content\/uploads\/2014\/11\/jb-roubinet-portrait-10-scaled.jpg\" class=\"img_frame\"><img decoding=\"async\" src=\"https:\/\/roubinet.com\/wp-content\/uploads\/2014\/11\/jb-roubinet-portrait-10-scaled.jpg\" alt=\"\" class=\"portfolio_img\"\/><\/a><\/div>\n<div class=\"image_caption\">Jean-Beno\u00eet Roubinet, photographe<\/div>\n<div class=\"image_description\"><\/div>\n<\/div>\n<\/div>\n<\/div>\n<\/div>\n<div class=\"one\" >\n<div class=\"page_content_wrapper\">\n<div class=\"inner\">\n<div class=\"post_excerpt animate\">\n<p><b>Photographe\u00a0bienveillant, simple, curieux, \u00e0 l&rsquo;\u00e9coute et passionn\u00e9.<\/b><\/p>\n<p>En cette \u00e9poque en pleine \u00e9volution o\u00f9 l&rsquo;on \u00e9voque quotidiennement les prouesses de l&rsquo;intelligence artificielle capable de cr\u00e9er de toute pi\u00e8ce des visuels tous horizons, je vous propose, gr\u00e2ce \u00e0 mon exp\u00e9rience photographique et \u00e0 mon amour pour l&rsquo;image authentique, de\u00a0rester dans le \u00ab\u00a0vrai\u00a0\u00bb. En effet, mon travail est compl\u00e8tement bas\u00e9 sur l&rsquo;\u00e9motion naturelle, l&rsquo;instantan\u00e9, la prise de vue intuitive.<\/p>\n<p><b>Mes comp\u00e9tences sont diverses car ma curiosit\u00e9 est infinie.<\/b><br \/>\nChaque sujet photographique me passionne : mariage, portrait, sport, entreprise, produit, \u00e9v\u00e9nement, photo scolaire&#8230; quel que soit le th\u00e8me \u00e0 aborder en photographie, je donnerais le meilleur de moi-m\u00eame pour obtenir un r\u00e9sultat qui vous ressemble.<\/p>\n<p>Ma\u00a0grande exp\u00e9rience en infographie et imprimerie\u00a0me permet, gr\u00e2ce \u00e0 la photographie, de vous livrer des images totalement adapt\u00e9es \u00e0 votre communication. En effet, je prends soin pour chaque reportage en entreprise par exemple, de vous livrer des clich\u00e9s sur lesquelles il sera facile de rajouter votre texte ou votre logo afin d&rsquo;optimiser au mieux vos publications \u00e0 venir. En effet, selon votre projet de communication, je pense qu&rsquo;il est important, d\u00e8s la prise de vue, de prendre en compte les supports sur lesquelles vos images seront utilis\u00e9es.<\/p>\n<p><b>Le mot de la fin, encore et toujours :\u00a0\u00ab\u00a0rester dans le vrai\u00a0\u00bb<\/b><br \/>\nSi vous cherchez un photographe \u00ab\u00a0animateur\u00a0\u00bb qui va vous faire prendre des poses farfelue \u00e0 longueur de s\u00e9ance, ou bien si vous souhaitez des retouches totalement surr\u00e9alistes,\u00a0alors vous n&rsquo;\u00eates pas sur la bonne page. Je mets un point d&rsquo;honneur \u00e0 vous livrer des images \u00e0 l&rsquo;esth\u00e9tique naturelle, des images qui vous ressemblent, des images instantan\u00e9es, des images authentiques,\u00a0DES IMAGES VRAIES\u00a0destin\u00e9es \u00e0 vous procurer une \u00e9motion qui ne s&rsquo;\u00e9rodera pas avec le temps.<\/p>\n<\/div>\n<\/div>\n<\/div>\n<\/div>\n","protected":false},"excerpt":{"rendered":"<p>Photographier &quot;vrai&quot; Jean-Beno\u00eet Roubinet, photographe Photographe\u00a0bienveillant, simple, curieux, \u00e0 l&rsquo;\u00e9coute et passionn\u00e9. En cette \u00e9poque en pleine \u00e9volution o\u00f9 l&rsquo;on \u00e9voque quotidiennement les prouesses de l&rsquo;intelligence artificielle capable de cr\u00e9er de toute pi\u00e8ce des visuels tous horizons, je vous propose, gr\u00e2ce \u00e0 mon exp\u00e9rience photographique et \u00e0 mon amour pour l&rsquo;image authentique, de\u00a0rester dans le [&hellip;]<\/p>\n","protected":false},"author":1,"featured_media":0,"parent":0,"menu_order":0,"comment_status":"closed","ping_status":"closed","template":"","meta":{"footnotes":""},"class_list":["post-3731","page","type-page","status-publish","hentry"],"_links":{"self":[{"href":"https:\/\/roubinet.com\/index.php\/wp-json\/wp\/v2\/pages\/3731","targetHints":{"allow":["GET"]}}],"collection":[{"href":"https:\/\/roubinet.com\/index.php\/wp-json\/wp\/v2\/pages"}],"about":[{"href":"https:\/\/roubinet.com\/index.php\/wp-json\/wp\/v2\/types\/page"}],"author":[{"embeddable":true,"href":"https:\/\/roubinet.com\/index.php\/wp-json\/wp\/v2\/users\/1"}],"replies":[{"embeddable":true,"href":"https:\/\/roubinet.com\/index.php\/wp-json\/wp\/v2\/comments?post=3731"}],"version-history":[{"count":14,"href":"https:\/\/roubinet.com\/index.php\/wp-json\/wp\/v2\/pages\/3731\/revisions"}],"predecessor-version":[{"id":3871,"href":"https:\/\/roubinet.com\/index.php\/wp-json\/wp\/v2\/pages\/3731\/revisions\/3871"}],"wp:attachment":[{"href":"https:\/\/roubinet.com\/index.php\/wp-json\/wp\/v2\/media?parent=3731"}],"curies":[{"name":"wp","href":"https:\/\/api.w.org\/{rel}","templated":true}]}}